{"id":121,"date":"2024-03-25T13:43:21","date_gmt":"2024-03-25T12:43:21","guid":{"rendered":"https:\/\/roseto.zaffiroparma.it\/?page_id=121"},"modified":"2025-06-11T14:37:30","modified_gmt":"2025-06-11T12:37:30","slug":"roseto-e-lo-ionio","status":"publish","type":"page","link":"https:\/\/roseto.zaffiroparma.it\/index.php\/roseto-e-lo-ionio\/","title":{"rendered":"Roseto e lo Ionio"},"content":{"rendered":"\t\t<div data-elementor-type=\"wp-page\" data-elementor-id=\"121\" class=\"elementor elementor-121\">\n\t\t\t\t<div class=\"elementor-element elementor-element-d90fd35 e-flex e-con-boxed e-con e-parent\" data-id=\"d90fd35\" data-element_type=\"container\" data-e-type=\"container\">\n\t\t\t\t\t<div class=\"e-con-inner\">\n\t\t\t\t<div class=\"elementor-element elementor-element-0818b5b elementor-widget elementor-widget-spacer\" data-id=\"0818b5b\" data-element_type=\"widget\" data-e-type=\"widget\" data-widget_type=\"spacer.default\">\n\t\t\t\t<div class=\"elementor-widget-container\">\n\t\t\t\t\t\t\t<div class=\"elementor-spacer\">\n\t\t\t<div class=\"elementor-spacer-inner\"><\/div>\n\t\t<\/div>\n\t\t\t\t\t\t<\/div>\n\t\t\t\t<\/div>\n\t\t\t\t<div class=\"elementor-element elementor-element-33d799a elementor-widget elementor-widget-heading\" data-id=\"33d799a\" data-element_type=\"widget\" data-e-type=\"widget\" data-widget_type=\"heading.default\">\n\t\t\t\t<div class=\"elementor-widget-container\">\n\t\t\t\t\t<h2 class=\"elementor-heading-title elementor-size-default\">In evidenza<\/h2>\t\t\t\t<\/div>\n\t\t\t\t<\/div>\n\t\t\t\t<div class=\"elementor-element elementor-element-5123c8d elementor-widget elementor-widget-text-editor\" data-id=\"5123c8d\" data-element_type=\"widget\" data-e-type=\"widget\" data-widget_type=\"text-editor.default\">\n\t\t\t\t<div class=\"elementor-widget-container\">\n\t\t\t\t\t\t\t\t\t<div class=\"xdj266r x14z9mp xat24cr x1lziwak x1vvkbs x126k92a\"><div dir=\"auto\" style=\"text-align: center;\"><em>L\u2019Amministrazione Comunale di Roseto Capo Spulico presenta:<\/em><\/div><\/div><div class=\"x14z9mp xat24cr x1lziwak x1vvkbs xtlvy1s x126k92a\" style=\"text-align: center;\"><div dir=\"auto\"><strong>11\u1d43 Edizione \u2013 FESTA DELLA CILIEGIA &amp; DEI SAPORI <span class=\"html-span xdj266r x14z9mp xat24cr x1lziwak xexx8yu xyri2b x18d9i69 x1c1uobl x1hl2dhg x16tdsg8 x1vvkbs\"><a class=\"x1i10hfl xjbqb8w x1ejq31n x18oe1m7 x1sy0etr xstzfhl x972fbf x10w94by x1qhh985 x14e42zd x9f619 x1ypdohk xt0psk2 xe8uvvx xdj266r x14z9mp xat24cr x1lziwak xexx8yu xyri2b x18d9i69 x1c1uobl x16tdsg8 x1hl2dhg xggy1nq x1a2a7pz xkrqix3 x1sur9pj x1fey0fg x1s688f\" tabindex=\"0\" role=\"link\" href=\"http:\/\/DE.CO\/?fbclid=IwZXh0bgNhZW0CMTAAYnJpZBExa1dnRE4wYXhCVXBqWjhadQEexN5_rqOtBl3R4IZHp5ckUA_GG4wnjKmpI_oYAR1OfpmzayGE7pTKPfeFtP8_aem_jcNJh8gPUUDdRoRcCTjd-w\" target=\"_blank\" rel=\"nofollow noopener noreferrer\">DE.CO.<\/a><\/span><\/strong><\/div><\/div><div class=\"x14z9mp xat24cr x1lziwak x1vvkbs xtlvy1s x126k92a\" style=\"text-align: center;\"><div dir=\"auto\"><span class=\"html-span xexx8yu xyri2b x18d9i69 x1c1uobl x1hl2dhg x16tdsg8 x1vvkbs x3nfvp2 x1j61x8r x1fcty0u xdj266r xat24cr xm2jcoa x1mpyi22 xxymvpz xlup9mm x1kky2od\"><img decoding=\"async\" class=\"xz74otr x15mokao x1ga7v0g x16uus16 xbiv7yw\" src=\"https:\/\/static.xx.fbcdn.net\/images\/emoji.php\/v9\/t7e\/1\/16\/1f4c5.png\" alt=\"\ud83d\udcc5\" width=\"16\" height=\"16\" \/><\/span> 14 &amp; 15 GIUGNO <span class=\"html-span xexx8yu xyri2b x18d9i69 x1c1uobl x1hl2dhg x16tdsg8 x1vvkbs x3nfvp2 x1j61x8r x1fcty0u xdj266r xat24cr xm2jcoa x1mpyi22 xxymvpz xlup9mm x1kky2od\"><img decoding=\"async\" class=\"xz74otr x15mokao x1ga7v0g x16uus16 xbiv7yw\" src=\"https:\/\/static.xx.fbcdn.net\/images\/emoji.php\/v9\/t4d\/1\/16\/1f566.png\" alt=\"\ud83d\udd66\" width=\"16\" height=\"16\" \/><\/span> A partire dalle Ore 18:00 <span class=\"html-span xexx8yu xyri2b x18d9i69 x1c1uobl x1hl2dhg x16tdsg8 x1vvkbs x3nfvp2 x1j61x8r x1fcty0u xdj266r xat24cr xm2jcoa x1mpyi22 xxymvpz xlup9mm x1kky2od\"><img decoding=\"async\" class=\"xz74otr x15mokao x1ga7v0g x16uus16 xbiv7yw\" src=\"https:\/\/static.xx.fbcdn.net\/images\/emoji.php\/v9\/t2d\/1\/16\/1f4cd.png\" alt=\"\ud83d\udccd\" width=\"16\" height=\"16\" \/><\/span>Centro Storico ~ Roseto Capo Spulico<\/div><\/div><div class=\"x14z9mp xat24cr x1lziwak x1vvkbs xtlvy1s x126k92a\"><div dir=\"auto\" style=\"text-align: center;\"><span class=\"html-span xexx8yu xyri2b x18d9i69 x1c1uobl x1hl2dhg x16tdsg8 x1vvkbs x3nfvp2 x1j61x8r x1fcty0u xdj266r xat24cr xm2jcoa x1mpyi22 xxymvpz xlup9mm x1kky2od\"><img loading=\"lazy\" decoding=\"async\" class=\"xz74otr x15mokao x1ga7v0g x16uus16 xbiv7yw\" src=\"https:\/\/static.xx.fbcdn.net\/images\/emoji.php\/v9\/t79\/1\/16\/1f68c.png\" alt=\"\ud83d\ude8c\" width=\"16\" height=\"16\" \/><\/span> Servizio navetta gratuito attivo tra Marina\u00a0&amp; Centro Storico durante tutta la manifestazione in entrambi i giorni<\/div><\/div>\t\t\t\t\t\t\t\t<\/div>\n\t\t\t\t<\/div>\n\t\t\t\t<div class=\"elementor-element elementor-element-c12445e elementor-widget elementor-widget-image\" data-id=\"c12445e\" data-element_type=\"widget\" data-e-type=\"widget\" data-widget_type=\"image.default\">\n\t\t\t\t<div class=\"elementor-widget-container\">\n\t\t\t\t\t\t\t\t\t\t\t\t\t\t\t<img loading=\"lazy\" decoding=\"async\" width=\"768\" height=\"960\" src=\"https:\/\/roseto.zaffiroparma.it\/wp-content\/uploads\/2025\/06\/Festa-ciliegia-768x960.jpg\" class=\"attachment-medium_large size-medium_large wp-image-1660\" alt=\"\" srcset=\"https:\/\/roseto.zaffiroparma.it\/wp-content\/uploads\/2025\/06\/Festa-ciliegia-768x960.jpg 768w, https:\/\/roseto.zaffiroparma.it\/wp-content\/uploads\/2025\/06\/Festa-ciliegia-240x300.jpg 240w, https:\/\/roseto.zaffiroparma.it\/wp-content\/uploads\/2025\/06\/Festa-ciliegia-819x1024.jpg 819w, https:\/\/roseto.zaffiroparma.it\/wp-content\/uploads\/2025\/06\/Festa-ciliegia.jpg 1080w\" sizes=\"(max-width: 768px) 100vw, 768px\" \/>\t\t\t\t\t\t\t\t\t\t\t\t\t\t\t<\/div>\n\t\t\t\t<\/div>\n\t\t\t\t<div class=\"elementor-element elementor-element-45a26ca elementor-widget elementor-widget-spacer\" data-id=\"45a26ca\" data-element_type=\"widget\" data-e-type=\"widget\" data-widget_type=\"spacer.default\">\n\t\t\t\t<div class=\"elementor-widget-container\">\n\t\t\t\t\t\t\t<div class=\"elementor-spacer\">\n\t\t\t<div class=\"elementor-spacer-inner\"><\/div>\n\t\t<\/div>\n\t\t\t\t\t\t<\/div>\n\t\t\t\t<\/div>\n\t\t\t\t<div class=\"elementor-element elementor-element-f6122ed elementor-widget elementor-widget-heading\" data-id=\"f6122ed\" data-element_type=\"widget\" data-e-type=\"widget\" data-widget_type=\"heading.default\">\n\t\t\t\t<div class=\"elementor-widget-container\">\n\t\t\t\t\t<h2 class=\"elementor-heading-title elementor-size-default\">Roseto e lo Ionio<\/h2>\t\t\t\t<\/div>\n\t\t\t\t<\/div>\n\t\t\t\t\t<\/div>\n\t\t\t\t<\/div>\n\t\t<div class=\"elementor-element elementor-element-2112db4 e-flex e-con-boxed e-con e-parent\" data-id=\"2112db4\" data-element_type=\"container\" data-e-type=\"container\">\n\t\t\t\t\t<div class=\"e-con-inner\">\n\t\t\t\t<div class=\"elementor-element elementor-element-9a7eb7b elementor-widget elementor-widget-image\" data-id=\"9a7eb7b\" data-element_type=\"widget\" data-e-type=\"widget\" data-widget_type=\"image.default\">\n\t\t\t\t<div class=\"elementor-widget-container\">\n\t\t\t\t\t\t\t\t\t\t\t\t\t\t\t<img loading=\"lazy\" decoding=\"async\" width=\"800\" height=\"360\" src=\"https:\/\/roseto.zaffiroparma.it\/wp-content\/uploads\/2025\/03\/20240409_162217-1024x461.jpg\" class=\"attachment-large size-large wp-image-1574\" alt=\"\" srcset=\"https:\/\/roseto.zaffiroparma.it\/wp-content\/uploads\/2025\/03\/20240409_162217-1024x461.jpg 1024w, https:\/\/roseto.zaffiroparma.it\/wp-content\/uploads\/2025\/03\/20240409_162217-300x135.jpg 300w, https:\/\/roseto.zaffiroparma.it\/wp-content\/uploads\/2025\/03\/20240409_162217-768x346.jpg 768w, https:\/\/roseto.zaffiroparma.it\/wp-content\/uploads\/2025\/03\/20240409_162217-1536x691.jpg 1536w, https:\/\/roseto.zaffiroparma.it\/wp-content\/uploads\/2025\/03\/20240409_162217-2048x922.jpg 2048w\" sizes=\"(max-width: 800px) 100vw, 800px\" \/>\t\t\t\t\t\t\t\t\t\t\t\t\t\t\t<\/div>\n\t\t\t\t<\/div>\n\t\t\t\t<div class=\"elementor-element elementor-element-532d71c elementor-widget elementor-widget-text-editor\" data-id=\"532d71c\" data-element_type=\"widget\" data-e-type=\"widget\" data-widget_type=\"text-editor.default\">\n\t\t\t\t<div class=\"elementor-widget-container\">\n\t\t\t\t\t\t\t\t\t<p>Il <b>Castrum Petrae Roseti<\/b> (Castello della Pietra di Roseto) \u00e8 un castello fortificato a difesa della costa dell&#8217;Alto Ionio Cosentino, risalente ad epoca normanna, ricostruito nel Duecento per volont\u00e0 dell&#8217;imperatore e re di Sicilia Federico II di Svevia, rimaneggiato pi\u00f9 volte fino al secolo XVI. \u00c8 sito in Roseto Capo Spulico, a picco sul mare sul Promontorio di Cardone (tratto da Wikipedia).<\/p><p>Per chi \u00e8 abituato a cambiare spiaggia ogni giorno, Roseto si trova proprio al centro della costa ionica. Spostandosi di una trentina di chilometri a nord si raggiunge Policoro, mentre Sibari si trova a sud, sempre ad una trentina di chilometri: sessanta chilometri di spiagge, tutte da scoprire.<\/p><p>Ma Roseto pu\u00f2 essere il campo base ideale anche per chi cerca una vacanza non solo di mare: Matera dista soltanto un centinaio di chilometri (poco pi\u00f9 di un&#8217;ora in auto); e proprio alle spalle di Roseto si trova lo splendido Parco Nazionale del Pollino.<\/p><p>Date un&#8217;occhiata anche alla nostra pagina <a href=\"https:\/\/www.facebook.com\/profile.php?id=61573328524701\" target=\"_blank\" rel=\"noopener\">Facebook<\/a>: cerchiamo di non farci sfuggire le novit\u00e0 e le iniziative turistiche pi\u00f9 interessanti, e ci impegniamo a segnalarvele tempestivamente.<\/p>\t\t\t\t\t\t\t\t<\/div>\n\t\t\t\t<\/div>\n\t\t\t\t\t<\/div>\n\t\t\t\t<\/div>\n\t\t<div class=\"elementor-element elementor-element-78f1b27 e-flex e-con-boxed e-con e-parent\" data-id=\"78f1b27\" data-element_type=\"container\" data-e-type=\"container\">\n\t\t\t\t\t<div class=\"e-con-inner\">\n\t\t\t\t\t<\/div>\n\t\t\t\t<\/div>\n\t\t\t\t<\/div>\n\t\t","protected":false},"excerpt":{"rendered":"<p>In evidenza L\u2019Amministrazione Comunale di Roseto Capo Spulico presenta:11\u1d43 Edizione \u2013 FESTA DELLA CILIEGIA &amp; DEI SAPORI DE.CO. 14 &amp; 15 GIUGNO A partire dalle Ore 18:00 Centro Storico ~ Roseto Capo Spulico Servizio navetta gratuito attivo tra Marina\u00a0&amp; Centro Storico durante tutta la manifestazione in entrambi i giorni Roseto e lo Ionio Il Castrum [&hellip;]<\/p>\n","protected":false},"author":1,"featured_media":0,"parent":0,"menu_order":0,"comment_status":"closed","ping_status":"closed","template":"","meta":{"footnotes":""},"class_list":["post-121","page","type-page","status-publish","hentry"],"aioseo_notices":[],"_links":{"self":[{"href":"https:\/\/roseto.zaffiroparma.it\/index.php\/wp-json\/wp\/v2\/pages\/121","targetHints":{"allow":["GET"]}}],"collection":[{"href":"https:\/\/roseto.zaffiroparma.it\/index.php\/wp-json\/wp\/v2\/pages"}],"about":[{"href":"https:\/\/roseto.zaffiroparma.it\/index.php\/wp-json\/wp\/v2\/types\/page"}],"author":[{"embeddable":true,"href":"https:\/\/roseto.zaffiroparma.it\/index.php\/wp-json\/wp\/v2\/users\/1"}],"replies":[{"embeddable":true,"href":"https:\/\/roseto.zaffiroparma.it\/index.php\/wp-json\/wp\/v2\/comments?post=121"}],"version-history":[{"count":38,"href":"https:\/\/roseto.zaffiroparma.it\/index.php\/wp-json\/wp\/v2\/pages\/121\/revisions"}],"predecessor-version":[{"id":1666,"href":"https:\/\/roseto.zaffiroparma.it\/index.php\/wp-json\/wp\/v2\/pages\/121\/revisions\/1666"}],"wp:attachment":[{"href":"https:\/\/roseto.zaffiroparma.it\/index.php\/wp-json\/wp\/v2\/media?parent=121"}],"curies":[{"name":"wp","href":"https:\/\/api.w.org\/{rel}","templated":true}]}}